

{"id":25,"date":"2012-12-19T12:00:25","date_gmt":"2012-12-19T11:00:25","guid":{"rendered":"http:\/\/localhost\/sites\/PPF-new\/analyse_srm\/?page_id=25"},"modified":"2022-03-07T10:07:01","modified_gmt":"2022-03-07T09:07:01","slug":"prestations","status":"publish","type":"page","link":"https:\/\/metabolomique.med.univ-tours.fr\/?page_id=25","title":{"rendered":"Prestations"},"content":{"rendered":"<h3>Prestations internes<\/h3>\n<p>Elles constituent un support logistique indispensable aux deux IFR de l&rsquo;Universit\u00e9 (IFR 135 Imagerie fonctionnelle, et IFR 136 Agents transmissibles et Infectiologie) ainsi qu&rsquo;aux autres \u00e9quipes de l&rsquo;axe Sciences de la Vie et de la Sant\u00e9 et de l&rsquo;axe Sciences et Technologies.<\/p>\n<p>Les prestations peuvent aller de la seule mise \u00e0 disposition de fa\u00e7on autonome des appareils lourds, jusqu&rsquo;\u00e0 la prise en charge compl\u00e8te d&rsquo;une probl\u00e9matique de recherche sp\u00e9cifique par le personnel encadrant du plateau technique.<\/p>\n<p>Le co\u00fbt des travaux effectu\u00e9s pour les \u00e9quipes de Tours est \u00e0 leur charge selon une tarification propre disponible \u00e0 leur demande.<\/p>\n<h3>Prestations externes<\/h3>\n<p>La reconnaissance \u00e0 l&rsquo;\u00e9chelon national et international de la qualit\u00e9 des comp\u00e9tences de ce plateau technique, contribue \u00e0 d\u00e9velopper une politique d&rsquo;ouverture et de valorisation de l&rsquo;Universit\u00e9 de Tours vers un partenariat public ou priv\u00e9.<\/p>\n<p>Les prestations avec le <strong>secteur public<\/strong> font l\u2019objet de collaborations valoris\u00e9es par la demande de financements pour la r\u00e9alisation du projet et par la participation aux publications scientifiques.<\/p>\n<p>Les prestations avec le <strong>secteur priv\u00e9 industriel<\/strong>, national et international, font l\u2019objet de contrats de prestations g\u00e9r\u00e9s par le service \u00abvalorisation\u00bb de l\u2019Universit\u00e9 de Tours. Ces prestations sont factur\u00e9es selon un devis \u00e9tabli apr\u00e8s \u00e9tude des projets scientifiques et\/ou protocoles techniques et concertation entre les partenaires.<\/p>\n<p>Faire une <a href=\"http:\/\/metabolomique.med.univ-tours.fr\/?page_id=18\">demande de devis<\/a>.<\/p>\n","protected":false},"excerpt":{"rendered":"<p>Prestations internes Elles constituent un support logistique indispensable aux deux IFR de l&rsquo;Universit\u00e9 (IFR 135 Imagerie fonctionnelle, et IFR 136 Agents transmissibles et Infectiologie) ainsi qu&rsquo;aux autres \u00e9quipes de l&rsquo;axe Sciences de la Vie et de la Sant\u00e9 et de l&rsquo;axe Sciences et Technologies. Les prestations peuvent aller de la seule mise \u00e0 disposition de &hellip; <a href=\"https:\/\/metabolomique.med.univ-tours.fr\/?page_id=25\" class=\"more-link\">Continuer la lecture<span class=\"screen-reader-text\"> de &laquo;&nbsp;Prestations&nbsp;&raquo;<\/span><\/a><\/p>\n","protected":false},"author":2,"featured_media":0,"parent":0,"menu_order":0,"comment_status":"closed","ping_status":"closed","template":"","meta":{"footnotes":""},"_links":{"self":[{"href":"https:\/\/metabolomique.med.univ-tours.fr\/index.php?rest_route=\/wp\/v2\/pages\/25"}],"collection":[{"href":"https:\/\/metabolomique.med.univ-tours.fr\/index.php?rest_route=\/wp\/v2\/pages"}],"about":[{"href":"https:\/\/metabolomique.med.univ-tours.fr\/index.php?rest_route=\/wp\/v2\/types\/page"}],"author":[{"embeddable":true,"href":"https:\/\/metabolomique.med.univ-tours.fr\/index.php?rest_route=\/wp\/v2\/users\/2"}],"replies":[{"embeddable":true,"href":"https:\/\/metabolomique.med.univ-tours.fr\/index.php?rest_route=%2Fwp%2Fv2%2Fcomments&post=25"}],"version-history":[{"count":5,"href":"https:\/\/metabolomique.med.univ-tours.fr\/index.php?rest_route=\/wp\/v2\/pages\/25\/revisions"}],"predecessor-version":[{"id":173,"href":"https:\/\/metabolomique.med.univ-tours.fr\/index.php?rest_route=\/wp\/v2\/pages\/25\/revisions\/173"}],"wp:attachment":[{"href":"https:\/\/metabolomique.med.univ-tours.fr\/index.php?rest_route=%2Fwp%2Fv2%2Fmedia&parent=25"}],"curies":[{"name":"wp","href":"https:\/\/api.w.org\/{rel}","templated":true}]}}